{"id":1399,"date":"2022-08-08T18:39:37","date_gmt":"2022-08-08T16:39:37","guid":{"rendered":"https:\/\/mein-chillometer.de\/?page_id=1399"},"modified":"2024-04-02T13:36:13","modified_gmt":"2024-04-02T11:36:13","slug":"meinebefragung","status":"publish","type":"page","link":"https:\/\/mein-chillometer.de\/en\/","title":{"rendered":"Willkommen"},"content":{"rendered":"<p>[et_pb_section fb_built=&#8220;1&#8243; custom_padding_last_edited=&#8220;on|phone&#8220; next_background_color=&#8220;#ffffff&#8220; _builder_version=&#8220;4.23.1&#8243; _module_preset=&#8220;default&#8220; background_image=&#8220;https:\/\/mein-chillometer.de\/wp-content\/uploads\/chillometer_header_img_2023_2.jpg&#8220; custom_padding=&#8220;119px||40px||false|false&#8220; custom_padding_tablet=&#8220;80px||60px||false|false&#8220; custom_padding_phone=&#8220;50px||20px||false|false&#8220; bottom_divider_style=&#8220;arrow2&#8243; bottom_divider_height=&#8220;150px&#8220; bottom_divider_height_tablet=&#8220;89px&#8220; bottom_divider_height_phone=&#8220;61px&#8220; bottom_divider_height_last_edited=&#8220;on|phone&#8220; global_colors_info=&#8220;{}&#8220;][et_pb_row _builder_version=&#8220;4.17.6&#8243; _module_preset=&#8220;default&#8220; global_colors_info=&#8220;{}&#8220;][et_pb_column type=&#8220;4_4&#8243; _builder_version=&#8220;4.17.6&#8243; _module_preset=&#8220;default&#8220; global_colors_info=&#8220;{}&#8220;][et_pb_text module_class=&#8220;header-x&#8220; _builder_version=&#8220;4.18.0&#8243; _module_preset=&#8220;default&#8220; header_font=&#8220;Open Sans|300|||||||&#8220; header_text_align=&#8220;center&#8220; header_text_color=&#8220;#FFFFFF&#8220; header_font_size=&#8220;57px&#8220; custom_margin=&#8220;-40px||40px||false|false&#8220; header_font_size_tablet=&#8220;57px&#8220; header_font_size_phone=&#8220;35px&#8220; header_font_size_last_edited=&#8220;on|phone&#8220; global_colors_info=&#8220;{}&#8220;]<\/p>\n<h1>Willkommen zu Ihrem<br \/>Online-Fragebogen<\/h1>\n<p>[\/et_pb_text][et_pb_text _builder_version=&#8220;4.24.2&#8243; text_font=&#8220;Open Sans|600|||||||&#8220; text_text_color=&#8220;#FFFFFF&#8220; text_font_size=&#8220;15px&#8220; text_line_height=&#8220;1.3em&#8220; header_3_line_height=&#8220;1.3em&#8220; text_orientation=&#8220;center&#8220; width=&#8220;79%&#8220; width_tablet=&#8220;85%&#8220; width_phone=&#8220;85%&#8220; width_last_edited=&#8220;on|phone&#8220; module_alignment=&#8220;center&#8220; custom_margin=&#8220;-20px||15px||false|false&#8220; custom_padding=&#8220;14px||||false|false&#8220; hover_enabled=&#8220;0&#8243; text_font_size_tablet=&#8220;20px&#8220; text_font_size_phone=&#8220;19px&#8220; text_font_size_last_edited=&#8220;on|phone&#8220; border_color_top=&#8220;#d3d3d3&#8243; border_color_left=&#8220;#b7b7b7&#8243; global_colors_info=&#8220;{}&#8220; link_text_color=&#8220;#FFFFFF&#8220; sticky_enabled=&#8220;0&#8243;]<a href=\"#starten\">FRAGEBOGEN<br \/>\nDIREKT STARTEN<\/a>[\/et_pb_text][et_pb_image src=&#8220;https:\/\/mein-chillometer.de\/wp-content\/uploads\/scroll-down-icon2.png&#8220; title_text=&#8220;scroll-down-icon2&#8243; url=&#8220;#starten&#8220; align=&#8220;center&#8220; _builder_version=&#8220;4.24.2&#8243; _module_preset=&#8220;default&#8220; width=&#8220;4%&#8220; width_tablet=&#8220;30%&#8220; width_phone=&#8220;29%&#8220; width_last_edited=&#8220;on|phone&#8220; max_width=&#8220;24%&#8220; max_width_tablet=&#8220;9%&#8220; max_width_phone=&#8220;13%&#8220; max_width_last_edited=&#8220;on|phone&#8220; custom_margin_tablet=&#8220;&#8220; custom_margin_phone=&#8220;-20px||||false|false&#8220; custom_margin_last_edited=&#8220;on|phone&#8220; animation_style=&#8220;slide&#8220; animation_direction=&#8220;top&#8220; animation_delay=&#8220;850ms&#8220; global_colors_info=&#8220;{}&#8220;][\/et_pb_image][\/et_pb_column][\/et_pb_row][\/et_pb_section][et_pb_section fb_built=&#8220;1&#8243; custom_padding_last_edited=&#8220;on|phone&#8220; module_id=&#8220;anker1&#8243; _builder_version=&#8220;4.18.0&#8243; custom_margin=&#8220;0px||0px||false|false&#8220; custom_padding=&#8220;41px||0px||false|false&#8220; custom_padding_tablet=&#8220;&#8220; custom_padding_phone=&#8220;27px||&#8220; global_colors_info=&#8220;{}&#8220;][et_pb_row disabled_on=&#8220;off|off|off&#8220; _builder_version=&#8220;4.18.0&#8243; width=&#8220;41%&#8220; width_tablet=&#8220;100%&#8220; width_phone=&#8220;100%&#8220; width_last_edited=&#8220;on|phone&#8220; max_width=&#8220;100%&#8220; module_alignment=&#8220;right&#8220; custom_margin=&#8220;-34px|auto|-2px|auto|false|false&#8220; custom_padding=&#8220;0px||50px||false|false&#8220; global_colors_info=&#8220;{}&#8220;][et_pb_column type=&#8220;4_4&#8243; _builder_version=&#8220;4.16&#8243; custom_padding=&#8220;|||&#8220; global_colors_info=&#8220;{}&#8220; custom_padding__hover=&#8220;|||&#8220;][et_pb_text _builder_version=&#8220;4.22.1&#8243; _module_preset=&#8220;default&#8220; text_font=&#8220;Open Sans|600|||||||&#8220; text_text_color=&#8220;#636363&#8243; text_font_size=&#8220;16px&#8220; background_color=&#8220;#f2f2f2&#8243; text_orientation=&#8220;center&#8220; width=&#8220;14vw&#8220; width_tablet=&#8220;35vw&#8220; width_phone=&#8220;65vw&#8220; width_last_edited=&#8220;on|phone&#8220; module_alignment=&#8220;center&#8220; custom_margin=&#8220;0px||||false|false&#8220; custom_margin_tablet=&#8220;50px||20px||false|false&#8220; custom_margin_phone=&#8220;50px||20px||false|false&#8220; custom_margin_last_edited=&#8220;on|phone&#8220; custom_padding=&#8220;5px|0px|5px|0px|false|false&#8220; link_option_url=&#8220;\/en\/&#8220; border_radii=&#8220;on|10px|10px|10px|10px&#8220; global_colors_info=&#8220;{}&#8220;]<\/p>\n<p>For English click here<\/p>\n<p>[\/et_pb_text][\/et_pb_column][\/et_pb_row][et_pb_row _builder_version=&#8220;4.18.0&#8243; custom_margin=&#8220;-30px||||false|false&#8220; custom_padding=&#8220;11px||6px|||&#8220; global_colors_info=&#8220;{}&#8220;][et_pb_column type=&#8220;4_4&#8243; _builder_version=&#8220;4.16&#8243; custom_padding=&#8220;|||&#8220; global_colors_info=&#8220;{}&#8220; custom_padding__hover=&#8220;|||&#8220;][et_pb_image src=&#8220;https:\/\/mein-chillometer.de\/wp-content\/uploads\/Chill-o-Meter_Logo_final_2023_neu_web_2024.png&#8220; title_text=&#8220;Chill-o-Meter_Logo_final_2023_neu_web_2024&#8243; align=&#8220;center&#8220; _builder_version=&#8220;4.24.2&#8243; _module_preset=&#8220;default&#8220; width=&#8220;39%&#8220; width_tablet=&#8220;39%&#8220; width_phone=&#8220;100%&#8220; width_last_edited=&#8220;on|phone&#8220; global_colors_info=&#8220;{}&#8220;][\/et_pb_image][et_pb_divider color=&#8220;#33ab48&#8243; divider_weight=&#8220;2px&#8220; _builder_version=&#8220;4.22.2&#8243; _module_preset=&#8220;default&#8220; width=&#8220;9%&#8220; width_tablet=&#8220;30%&#8220; width_phone=&#8220;25%&#8220; width_last_edited=&#8220;on|phone&#8220; module_alignment=&#8220;center&#8220; custom_margin=&#8220;40px||13px||false|false&#8220; custom_margin_tablet=&#8220;40px||13px||false|false&#8220; custom_margin_phone=&#8220;40px||13px||false|false&#8220; custom_margin_last_edited=&#8220;on|phone&#8220; global_colors_info=&#8220;{}&#8220;][\/et_pb_divider][et_pb_text content_tablet=&#8220;<\/p>\n<h2 style=%22text-align: center;%22>Herzlich willkommen zu Ihrer pers\u00f6nlichen Befragung!<\/h2>\n<p>&#8220; content_phone=&#8220;<\/p>\n<h2 style=%22text-align: center;%22>Herzlich willkommen zu Ihrer pers\u00f6nlichen Befragung!<\/h2>\n<p>&#8220; content_last_edited=&#8220;on|phone&#8220; _builder_version=&#8220;4.22.2&#8243; header_2_font=&#8220;|300|||||||&#8220; header_2_text_color=&#8220;#3d3d3d&#8220; header_2_font_size=&#8220;30px&#8220; header_2_line_height=&#8220;1.5em&#8220; width=&#8220;85%&#8220; width_tablet=&#8220;100%&#8220; width_phone=&#8220;100%&#8220; width_last_edited=&#8220;on|desktop&#8220; module_alignment=&#8220;center&#8220; custom_margin=&#8220;||||false|false&#8220; header_2_font_tablet=&#8220;||||||||&#8220; header_2_font_phone=&#8220;|300|||||||&#8220; header_2_font_last_edited=&#8220;on|phone&#8220; header_2_font_size_tablet=&#8220;27px&#8220; header_2_font_size_phone=&#8220;28px&#8220; header_2_font_size_last_edited=&#8220;on|phone&#8220; global_colors_info=&#8220;{}&#8220;]<\/p>\n<h2 style=\"text-align: center;\">Herzlich willkommen zu Ihrer pers\u00f6nlichen Befragung!<\/h2>\n<p>[\/et_pb_text][\/et_pb_column][\/et_pb_row][et_pb_row disabled_on=&#8220;off|off|off&#8220; _builder_version=&#8220;4.18.0&#8243; custom_margin=&#8220;-34px|auto|-2px|auto|false|false&#8220; custom_padding=&#8220;0px||50px||false|false&#8220; global_colors_info=&#8220;{}&#8220;][et_pb_column type=&#8220;4_4&#8243; _builder_version=&#8220;4.16&#8243; custom_padding=&#8220;|||&#8220; global_colors_info=&#8220;{}&#8220; custom_padding__hover=&#8220;|||&#8220;][et_pb_text _builder_version=&#8220;4.22.2&#8243; text_font=&#8220;Open Sans|300|||||||&#8220; text_text_color=&#8220;#2d2d2d&#8220; text_font_size=&#8220;20px&#8220; text_line_height=&#8220;1.5em&#8220; header_3_line_height=&#8220;1.3em&#8220; text_orientation=&#8220;center&#8220; width=&#8220;85%&#8220; width_tablet=&#8220;85%&#8220; width_phone=&#8220;85%&#8220; width_last_edited=&#8220;on|phone&#8220; module_alignment=&#8220;center&#8220; custom_margin=&#8220;7px||40px||false|false&#8220; custom_padding=&#8220;14px||||false|false&#8220; text_font_size_tablet=&#8220;20px&#8220; text_font_size_phone=&#8220;19px&#8220; text_font_size_last_edited=&#8220;on|phone&#8220; border_color_top=&#8220;#d3d3d3&#8243; border_color_left=&#8220;#b7b7b7&#8243; global_colors_info=&#8220;{}&#8220;]<\/p>\n<p>Wir m\u00f6chten Sie einladen, uns einmal ganz ehrlich &#8211; aber vor allem <span style=\"font-weight: 400;\">anonym<\/span> &#8211; Ihre pers\u00f6nliche Meinung zu Ihrem Arbeit\u00adgeber mitzuteilen.<\/p>\n<p>Dabei werden alle Ihre Eintr\u00e4ge, inkl. der statistischen Daten, <span style=\"color: #33ab48; font-weight: 600;\">in keiner Weise<\/span> an Ihre Gesch\u00e4ftsf\u00fchrung weitergeleitet!<br \/>Diese erh\u00e4lt lediglich eine Gesamtauswertung aller eingereichten Frageb\u00f6gen!<\/p>\n<p><span style=\"color: #33ab48; font-weight: 600;\">Aus diesem Grund ist f\u00fcr uns eine ehrliche Beantwortung Ihrer Fragen sehr wichtig.<\/span><\/p>\n<p>Unser Fragebogen besteht dabei aus einem allgemeinen Teil (Seite 1) sowie 3 spezifischen Fachbereichen (Seite 2-4) und kann in durchschnittlich ca. 10 Minuten beantwortet werden.<\/p>\n<p>[\/et_pb_text][\/et_pb_column][\/et_pb_row][et_pb_row disabled_on=&#8220;off|off|off&#8220; module_id=&#8220;starten&#8220; module_class=&#8220;bereich-code-eingabe&#8220; _builder_version=&#8220;4.24.2&#8243; background_color=&#8220;#f9f9f9&#8243; custom_margin=&#8220;0px|auto|0px|auto|false|false&#8220; custom_padding=&#8220;30px|30px|30px|30px|false|false&#8220; border_radii=&#8220;on|20px|20px|20px|20px&#8220; global_colors_info=&#8220;{}&#8220;][et_pb_column type=&#8220;4_4&#8243; _builder_version=&#8220;4.16&#8243; custom_padding=&#8220;|||&#8220; global_colors_info=&#8220;{}&#8220; custom_padding__hover=&#8220;|||&#8220;][et_pb_text _builder_version=&#8220;4.22.1&#8243; text_font=&#8220;Open Sans|300|||||||&#8220; text_text_color=&#8220;#2d2d2d&#8220; text_font_size=&#8220;27px&#8220; text_line_height=&#8220;1.5em&#8220; header_3_line_height=&#8220;1.3em&#8220; text_orientation=&#8220;center&#8220; custom_margin=&#8220;7px||20px||false|false&#8220; custom_padding=&#8220;||||false|false&#8220; text_font_size_tablet=&#8220;27px&#8220; text_font_size_phone=&#8220;22px&#8220; text_font_size_last_edited=&#8220;on|phone&#8220; text_line_height_tablet=&#8220;1.5em&#8220; text_line_height_phone=&#8220;1.3em&#8220; text_line_height_last_edited=&#8220;on|phone&#8220; border_color_left=&#8220;#b7b7b7&#8243; global_colors_info=&#8220;{}&#8220;]<\/p>\n<p><span style=\"color:#92989c; font-weight:600; \">Bitte geben Sie hier Ihren firmeninternen Befragungs-Code ein:<\/span>\n<\/p>\n<p>[\/et_pb_text][et_pb_code _builder_version=&#8220;4.22.2&#8243; _module_preset=&#8220;default&#8220; position_origin_a=&#8220;center_center&#8220; text_orientation=&#8220;center&#8220; width=&#8220;100%&#8220; width_tablet=&#8220;100%&#8220; width_phone=&#8220;100%&#8220; width_last_edited=&#8220;on|phone&#8220; module_alignment=&#8220;center&#8220; custom_margin=&#8220;10px||25px||false|false&#8220; global_colors_info=&#8220;{}&#8220;]<input type=\"text\" id=\"firma-code\" placeholder=\"Bsp. P-123\">[\/et_pb_code][et_pb_text admin_label=&#8220;kein code de&#8220; module_id=&#8220;code-fails-de&#8220; _builder_version=&#8220;4.18.0&#8243; _module_preset=&#8220;default&#8220; text_text_color=&#8220;#E02B20&#8243; text_font_size=&#8220;17px&#8220; text_orientation=&#8220;center&#8220; module_alignment=&#8220;center&#8220; global_colors_info=&#8220;{}&#8220;]<\/p>\n<p>Bitte geben Sie vor dem Absenden den Code ein<\/p>\n<p>[\/et_pb_text][et_pb_text admin_label=&#8220;kein code en&#8220; module_id=&#8220;code-fails-en&#8220; _builder_version=&#8220;4.18.0&#8243; _module_preset=&#8220;default&#8220; text_text_color=&#8220;#E02B20&#8243; text_font_size=&#8220;17px&#8220; text_orientation=&#8220;center&#8220; module_alignment=&#8220;center&#8220; global_colors_info=&#8220;{}&#8220;]<\/p>\n<p>Please enter the code before submit<\/p>\n<p>[\/et_pb_text][et_pb_text admin_label=&#8220;code-verkehrt-de&#8220; module_id=&#8220;code-fails-de-wrong&#8220; _builder_version=&#8220;4.18.0&#8243; _module_preset=&#8220;default&#8220; text_text_color=&#8220;#E02B20&#8243; text_font_size=&#8220;17px&#8220; text_orientation=&#8220;center&#8220; module_alignment=&#8220;center&#8220; global_colors_info=&#8220;{}&#8220;]Der eingegebene Code existiert nicht[\/et_pb_text][et_pb_text admin_label=&#8220;code-verkehrt-en&#8220; module_id=&#8220;code-fails-en-wrong&#8220; _builder_version=&#8220;4.18.0&#8243; _module_preset=&#8220;default&#8220; text_text_color=&#8220;#E02B20&#8243; text_font_size=&#8220;17px&#8220; text_orientation=&#8220;center&#8220; module_alignment=&#8220;center&#8220; global_colors_info=&#8220;{}&#8220;]The code you entered does not exist[\/et_pb_text][et_pb_text module_class=&#8220;code-senden&#8220; _builder_version=&#8220;4.22.1&#8243; _module_preset=&#8220;default&#8220; text_font=&#8220;Open Sans|500|||||||&#8220; text_text_color=&#8220;#FFFFFF&#8220; text_font_size=&#8220;26px&#8220; background_enable_color=&#8220;off&#8220; use_background_color_gradient=&#8220;on&#8220; background_color_gradient_stops=&#8220;#b7b7b7 0%|#828282 100%&#8220; text_orientation=&#8220;center&#8220; width=&#8220;10vw&#8220; width_tablet=&#8220;30vw&#8220; width_phone=&#8220;44vw&#8220; width_last_edited=&#8220;on|phone&#8220; module_alignment=&#8220;center&#8220; custom_margin=&#8220;5px|||||&#8220; custom_padding=&#8220;20px|20px|20px|20px|false|false&#8220; custom_css_main_element=&#8220;cursor: pointer;&#8220; border_radii=&#8220;on|10px|10px|10px|10px&#8220; box_shadow_style=&#8220;preset2&#8243; box_shadow_horizontal=&#8220;10px&#8220; box_shadow_spread=&#8220;-8px&#8220; global_colors_info=&#8220;{}&#8220;]<\/p>\n<p>Start<\/p>\n<p>[\/et_pb_text][\/et_pb_column][\/et_pb_row][\/et_pb_section][et_pb_section fb_built=&#8220;1&#8243; module_id=&#8220;fragen-deutsch&#8220; _builder_version=&#8220;4.18.0&#8243; _module_preset=&#8220;default&#8220; custom_padding=&#8220;24px||106px||false|false&#8220; global_colors_info=&#8220;{}&#8220;][\/et_pb_section][et_pb_section fb_built=&#8220;1&#8243; prev_background_color=&#8220;#ffffff&#8220; _builder_version=&#8220;4.22.2&#8243; _module_preset=&#8220;default&#8220; use_background_color_gradient=&#8220;on&#8220; background_color_gradient_stops=&#8220;#f2f2f2 0%|#ffffff 100%&#8220; custom_padding=&#8220;20px||20px||false|false&#8220; top_divider_style=&#8220;triangle&#8220; top_divider_height=&#8220;69px&#8220; global_module=&#8220;1451&#8243; saved_tabs=&#8220;all&#8220; global_colors_info=&#8220;{}&#8220;][et_pb_row _builder_version=&#8220;4.22.2&#8243; _module_preset=&#8220;default&#8220; custom_margin=&#8220;80px||||false|false&#8220; custom_padding=&#8220;||0px||false|false&#8220; global_colors_info=&#8220;{}&#8220;][et_pb_column type=&#8220;4_4&#8243; _builder_version=&#8220;4.22.2&#8243; _module_preset=&#8220;default&#8220; global_colors_info=&#8220;{}&#8220;][et_pb_image src=&#8220;https:\/\/mein-chillometer.de\/wp-content\/uploads\/Chill-o-Meter_Logo_final_2023_neu_web_2024.png&#8220; title_text=&#8220;Chill-o-Meter_Logo_final_2023_neu_web_2024&#8243; url=&#8220;https:\/\/mein-chillometer.de\/&#8220; _builder_version=&#8220;4.24.2&#8243; _module_preset=&#8220;default&#8220; width=&#8220;29%&#8220; width_tablet=&#8220;50%&#8220; width_phone=&#8220;100%&#8220; width_last_edited=&#8220;on|phone&#8220; custom_margin=&#8220;20px|||-20px|false|false&#8220; global_colors_info=&#8220;{}&#8220;][\/et_pb_image][\/et_pb_column][\/et_pb_row][et_pb_row column_structure=&#8220;1_3,1_3,1_3&#8243; _builder_version=&#8220;4.22.2&#8243; _module_preset=&#8220;default&#8220; custom_margin=&#8220;-20px|auto||auto|false|false&#8220; global_colors_info=&#8220;{}&#8220;][et_pb_column type=&#8220;1_3&#8243; _builder_version=&#8220;4.22.2&#8243; _module_preset=&#8220;default&#8220; global_colors_info=&#8220;{}&#8220;][et_pb_blurb use_icon=&#8220;on&#8220; font_icon=&#8220;&#xe090;||divi||400&#8243; icon_color=&#8220;#8c8c8c&#8220; icon_placement=&#8220;left&#8220; image_icon_width=&#8220;23px&#8220; _builder_version=&#8220;4.22.2&#8243; _module_preset=&#8220;default&#8220; body_text_color=&#8220;#8c8c8c&#8220; body_font_size=&#8220;20px&#8220; body_link_text_color=&#8220;#444444&#8243; body_link_font_size=&#8220;26px&#8220; custom_margin=&#8220;20px||||false|false&#8220; global_colors_info=&#8220;{}&#8220;]<href=\"tel:+4921315960610\">+49 2131 596 06 10[\/et_pb_blurb][et_pb_blurb use_icon=&#8220;on&#8220; font_icon=&#8220;&#xe076;||divi||400&#8243; icon_color=&#8220;#8c8c8c&#8220; icon_placement=&#8220;left&#8220; image_icon_width=&#8220;23px&#8220; _builder_version=&#8220;4.22.2&#8243; _module_preset=&#8220;default&#8220; body_text_color=&#8220;#8c8c8c&#8220; body_font_size=&#8220;20px&#8220; body_link_text_color=&#8220;#8c8c8c&#8220; body_link_font_size=&#8220;20px&#8220; custom_margin=&#8220;-10px||||false|false&#8220; global_colors_info=&#8220;{}&#8220;]<\/p>\n<p style=\"margin-top: -2px; margin-left: -5px;\"><a href=\"mailto:info@comply4all.de\">info@comply4all.de<\/a><\/p>\n<p>[\/et_pb_blurb][\/et_pb_column][et_pb_column type=&#8220;1_3&#8243; _builder_version=&#8220;4.22.2&#8243; _module_preset=&#8220;default&#8220; global_colors_info=&#8220;{}&#8220;][\/et_pb_column][et_pb_column type=&#8220;1_3&#8243; _builder_version=&#8220;4.22.2&#8243; _module_preset=&#8220;default&#8220; global_colors_info=&#8220;{}&#8220;][\/et_pb_column][\/et_pb_row][et_pb_row _builder_version=&#8220;4.22.2&#8243; _module_preset=&#8220;default&#8220; custom_margin=&#8220;23px|auto||auto|false|false&#8220; custom_padding=&#8220;20px||0px||false|false&#8220; global_colors_info=&#8220;{}&#8220;][et_pb_column type=&#8220;4_4&#8243; _builder_version=&#8220;4.18.0&#8243; _module_preset=&#8220;default&#8220; global_colors_info=&#8220;{}&#8220;][et_pb_divider color=&#8220;#444444&#8243; _builder_version=&#8220;4.22.2&#8243; _module_preset=&#8220;default&#8220; global_colors_info=&#8220;{}&#8220;][\/et_pb_divider][\/et_pb_column][\/et_pb_row][et_pb_row column_structure=&#8220;1_2,1_2&#8243; _builder_version=&#8220;4.22.2&#8243; _module_preset=&#8220;default&#8220; custom_padding=&#8220;||0px||false|false&#8220; global_colors_info=&#8220;{}&#8220;][et_pb_column type=&#8220;1_2&#8243; _builder_version=&#8220;4.18.0&#8243; _module_preset=&#8220;default&#8220; global_colors_info=&#8220;{}&#8220;][et_pb_text _builder_version=&#8220;4.24.2&#8243; _module_preset=&#8220;default&#8220; text_text_color=&#8220;#444444&#8243; link_text_color=&#8220;#444444&#8243; custom_margin=&#8220;-40px||||false|false&#8220; text_orientation_tablet=&#8220;center&#8220; text_orientation_phone=&#8220;&#8220; text_orientation_last_edited=&#8220;on|phone&#8220; global_colors_info=&#8220;{}&#8220;]<\/p>\n<p>mein-chillometer.de \u2022 <a href=\"https:\/\/www.comply4all.de\/\">www.comply4all.de<\/a><\/p>\n<p>[\/et_pb_text][\/et_pb_column][et_pb_column type=&#8220;1_2&#8243; _builder_version=&#8220;4.18.0&#8243; _module_preset=&#8220;default&#8220; global_colors_info=&#8220;{}&#8220;][et_pb_text _builder_version=&#8220;4.22.2&#8243; _module_preset=&#8220;default&#8220; text_text_color=&#8220;#FFFFFF&#8220; link_text_color=&#8220;#444444&#8243; text_orientation=&#8220;right&#8220; custom_margin=&#8220;-40px||||false|false&#8220; custom_margin_tablet=&#8220;&#8220; custom_margin_phone=&#8220;0px||||false|false&#8220; custom_margin_last_edited=&#8220;on|phone&#8220; text_orientation_tablet=&#8220;center&#8220; text_orientation_phone=&#8220;&#8220; text_orientation_last_edited=&#8220;on|phone&#8220; global_colors_info=&#8220;{}&#8220;]<\/p>\n<p><a href=\"https:\/\/mein-chillometer.de\/impressum\/\">Impressum<\/a>\u00a0\u00a0\u00a0\u00a0\u00a0<a href=\"https:\/\/mein-chillometer.de\/datenschutzerklaerung\/\">Datenschutz<\/a><\/p>\n<p>[\/et_pb_text][\/et_pb_column][\/et_pb_row][et_pb_row _builder_version=&#8220;4.22.2&#8243; _module_preset=&#8220;default&#8220; custom_margin=&#8220;||||false|false&#8220; custom_padding=&#8220;0px||0px||false|false&#8220; global_colors_info=&#8220;{}&#8220;][et_pb_column type=&#8220;4_4&#8243; _builder_version=&#8220;4.22.2&#8243; _module_preset=&#8220;default&#8220; global_colors_info=&#8220;{}&#8220;][et_pb_text _builder_version=&#8220;4.22.2&#8243; text_font=&#8220;Open Sans|300|on||||||&#8220; text_text_color=&#8220;#353535&#8243; text_font_size=&#8220;15px&#8220; text_line_height=&#8220;1.5em&#8220; header_3_line_height=&#8220;1.3em&#8220; text_orientation=&#8220;center&#8220; width=&#8220;100%&#8220; module_alignment=&#8220;center&#8220; custom_margin=&#8220;||40px||false|false&#8220; custom_padding=&#8220;14px||||false|false&#8220; text_font_size_tablet=&#8220;20px&#8220; text_font_size_phone=&#8220;19px&#8220; text_font_size_last_edited=&#8220;on|phone&#8220; border_color_top=&#8220;#d3d3d3&#8243; border_color_left=&#8220;#b7b7b7&#8243; global_colors_info=&#8220;{}&#8220;]Ein Service der[\/et_pb_text][et_pb_image src=&#8220;https:\/\/mein-chillometer.de\/wp-content\/uploads\/Comply4all_Logo_wide_RGB_72dpi_2024.png&#8220; title_text=&#8220;Comply4all_Logo_wide_RGB_72dpi_2024&#8243; url=&#8220;https:\/\/www.comply4all.de\/&#8220; align=&#8220;center&#8220; _builder_version=&#8220;4.24.2&#8243; _module_preset=&#8220;default&#8220; width=&#8220;22%&#8220; width_tablet=&#8220;50%&#8220; width_phone=&#8220;100%&#8220; width_last_edited=&#8220;on|phone&#8220; custom_margin=&#8220;-30px||||false|false&#8220; global_colors_info=&#8220;{}&#8220;][\/et_pb_image][\/et_pb_column][\/et_pb_row][et_pb_row _builder_version=&#8220;4.22.2&#8243; _module_preset=&#8220;default&#8220; global_colors_info=&#8220;{}&#8220;][et_pb_column type=&#8220;4_4&#8243; _builder_version=&#8220;4.22.2&#8243; _module_preset=&#8220;default&#8220; global_colors_info=&#8220;{}&#8220;][\/et_pb_column][\/et_pb_row][\/et_pb_section]<\/p>\n","protected":false},"excerpt":{"rendered":"<p>Willkommen zu IhremOnline-FragebogenFRAGEBOGEN DIREKT STARTENFor English click hereHerzlich willkommen zu Ihrer pers\u00f6nlichen Befragung!Wir m\u00f6chten Sie einladen, uns einmal ganz ehrlich &#8211; aber vor allem anonym &#8211; Ihre pers\u00f6nliche Meinung zu Ihrem Arbeit\u00adgeber mitzuteilen. Dabei werden alle Ihre Eintr\u00e4ge, inkl. der statistischen Daten, in keiner Weise an Ihre Gesch\u00e4ftsf\u00fchrung weitergeleitet!Diese erh\u00e4lt lediglich eine Gesamtauswertung aller eingereichten [&hellip;]<\/p>\n","protected":false},"author":3,"featured_media":0,"parent":0,"menu_order":0,"comment_status":"closed","ping_status":"closed","template":"","meta":{"_et_pb_use_builder":"on","_et_pb_old_content":"","_et_gb_content_width":"","footnotes":""},"class_list":["post-1399","page","type-page","status-publish","hentry"],"_links":{"self":[{"href":"https:\/\/mein-chillometer.de\/en\/wp-json\/wp\/v2\/pages\/1399","targetHints":{"allow":["GET"]}}],"collection":[{"href":"https:\/\/mein-chillometer.de\/en\/wp-json\/wp\/v2\/pages"}],"about":[{"href":"https:\/\/mein-chillometer.de\/en\/wp-json\/wp\/v2\/types\/page"}],"author":[{"embeddable":true,"href":"https:\/\/mein-chillometer.de\/en\/wp-json\/wp\/v2\/users\/3"}],"replies":[{"embeddable":true,"href":"https:\/\/mein-chillometer.de\/en\/wp-json\/wp\/v2\/comments?post=1399"}],"version-history":[{"count":105,"href":"https:\/\/mein-chillometer.de\/en\/wp-json\/wp\/v2\/pages\/1399\/revisions"}],"predecessor-version":[{"id":2129,"href":"https:\/\/mein-chillometer.de\/en\/wp-json\/wp\/v2\/pages\/1399\/revisions\/2129"}],"wp:attachment":[{"href":"https:\/\/mein-chillometer.de\/en\/wp-json\/wp\/v2\/media?parent=1399"}],"curies":[{"name":"wp","href":"https:\/\/api.w.org\/{rel}","templated":true}]}}